{"id":101,"date":"2016-07-21T20:15:32","date_gmt":"2016-07-21T20:15:32","guid":{"rendered":"http:\/\/demo.hashthemes.com\/total\/?page_id=101"},"modified":"2024-04-02T12:48:06","modified_gmt":"2024-04-02T12:48:06","slug":"contact","status":"publish","type":"page","link":"https:\/\/mcbmulher.co.mz\/?page_id=101","title":{"rendered":"Contact"},"content":{"rendered":"\t\t<div data-elementor-type=\"wp-page\" data-elementor-id=\"101\" class=\"elementor elementor-101\">\n\t\t\t\t\t\t<section class=\"elementor-section elementor-top-section elementor-element elementor-element-31897e9 elementor-section-boxed elementor-section-height-default elementor-section-height-default\" data-id=\"31897e9\" data-element_type=\"section\" data-e-type=\"section\">\n\t\t\t\t\t\t<div class=\"elementor-container elementor-column-gap-wide\">\n\t\t\t\t\t<div class=\"elementor-column elementor-col-50 elementor-top-column elementor-element elementor-element-8009020\" data-id=\"8009020\" data-element_type=\"column\" data-e-type=\"column\">\n\t\t\t<div class=\"elementor-widget-wrap elementor-element-populated\">\n\t\t\t\t\t\t<div class=\"elementor-element elementor-element-4b11792 elementor-widget elementor-widget-heading\" data-id=\"4b11792\" data-element_type=\"widget\" data-e-type=\"widget\" data-widget_type=\"heading.default\">\n\t\t\t\t<div class=\"elementor-widget-container\">\n\t\t\t\t\t<h2 class=\"elementor-heading-title elementor-size-default\">Contacte-nos<\/h2>\t\t\t\t<\/div>\n\t\t\t\t<\/div>\n\t\t\t\t<div class=\"elementor-element elementor-element-d2e5be2 elementor-view-stacked elementor-position-inline-start elementor-shape-circle elementor-mobile-position-block-start elementor-widget elementor-widget-icon-box\" data-id=\"d2e5be2\" data-element_type=\"widget\" data-e-type=\"widget\" data-widget_type=\"icon-box.default\">\n\t\t\t\t<div class=\"elementor-widget-container\">\n\t\t\t\t\t\t\t<div class=\"elementor-icon-box-wrapper\">\n\n\t\t\t\t\t\t<div class=\"elementor-icon-box-icon\">\n\t\t\t\t<span  class=\"elementor-icon\">\n\t\t\t\t<svg aria-hidden=\"true\" class=\"e-font-icon-svg e-far-map\" viewBox=\"0 0 576 512\" xmlns=\"http:\/\/www.w3.org\/2000\/svg\"><path d=\"M560.02 32c-1.96 0-3.98.37-5.96 1.16L384.01 96H384L212 35.28A64.252 64.252 0 0 0 191.76 32c-6.69 0-13.37 1.05-19.81 3.14L20.12 87.95A32.006 32.006 0 0 0 0 117.66v346.32C0 473.17 7.53 480 15.99 480c1.96 0 3.97-.37 5.96-1.16L192 416l172 60.71a63.98 63.98 0 0 0 40.05.15l151.83-52.81A31.996 31.996 0 0 0 576 394.34V48.02c0-9.19-7.53-16.02-15.98-16.02zM224 90.42l128 45.19v285.97l-128-45.19V90.42zM48 418.05V129.07l128-44.53v286.2l-.64.23L48 418.05zm480-35.13l-128 44.53V141.26l.64-.24L528 93.95v288.97z\"><\/path><\/svg>\t\t\t\t<\/span>\n\t\t\t<\/div>\n\t\t\t\n\t\t\t\t\t\t<div class=\"elementor-icon-box-content\">\n\n\t\t\t\t\t\t\t\t\t<h5 class=\"elementor-icon-box-title\">\n\t\t\t\t\t\t<span  >\n\t\t\t\t\t\t\tEndere\u00e7o\t\t\t\t\t\t<\/span>\n\t\t\t\t\t<\/h5>\n\t\t\t\t\n\t\t\t\t\t\t\t\t\t<p class=\"elementor-icon-box-description\">\n\t\t\t\t\t\tRua M\u00e1rio Esteves Coluna,\nNr 84 - RC Matola - Mo\u00e7ambique\t\t\t\t\t<\/p>\n\t\t\t\t\n\t\t\t<\/div>\n\t\t\t\n\t\t<\/div>\n\t\t\t\t\t\t<\/div>\n\t\t\t\t<\/div>\n\t\t\t\t<div class=\"elementor-element elementor-element-b9bc28c elementor-view-stacked elementor-position-inline-start elementor-shape-circle elementor-mobile-position-block-start elementor-widget elementor-widget-icon-box\" data-id=\"b9bc28c\" data-element_type=\"widget\" data-e-type=\"widget\" data-widget_type=\"icon-box.default\">\n\t\t\t\t<div class=\"elementor-widget-container\">\n\t\t\t\t\t\t\t<div class=\"elementor-icon-box-wrapper\">\n\n\t\t\t\t\t\t<div class=\"elementor-icon-box-icon\">\n\t\t\t\t<span  class=\"elementor-icon\">\n\t\t\t\t<svg aria-hidden=\"true\" class=\"e-font-icon-svg e-far-envelope\" viewBox=\"0 0 512 512\" xmlns=\"http:\/\/www.w3.org\/2000\/svg\"><path d=\"M464 64H48C21.49 64 0 85.49 0 112v288c0 26.51 21.49 48 48 48h416c26.51 0 48-21.49 48-48V112c0-26.51-21.49-48-48-48zm0 48v40.805c-22.422 18.259-58.168 46.651-134.587 106.49-16.841 13.247-50.201 45.072-73.413 44.701-23.208.375-56.579-31.459-73.413-44.701C106.18 199.465 70.425 171.067 48 152.805V112h416zM48 400V214.398c22.914 18.251 55.409 43.862 104.938 82.646 21.857 17.205 60.134 55.186 103.062 54.955 42.717.231 80.509-37.199 103.053-54.947 49.528-38.783 82.032-64.401 104.947-82.653V400H48z\"><\/path><\/svg>\t\t\t\t<\/span>\n\t\t\t<\/div>\n\t\t\t\n\t\t\t\t\t\t<div class=\"elementor-icon-box-content\">\n\n\t\t\t\t\t\t\t\t\t<h5 class=\"elementor-icon-box-title\">\n\t\t\t\t\t\t<span  >\n\t\t\t\t\t\t\tEmail:\t\t\t\t\t\t<\/span>\n\t\t\t\t\t<\/h5>\n\t\t\t\t\n\t\t\t\t\t\t\t\t\t<p class=\"elementor-icon-box-description\">\n\t\t\t\t\t\tinfo@mcbmulher.co.mz\t\t\t\t\t<\/p>\n\t\t\t\t\n\t\t\t<\/div>\n\t\t\t\n\t\t<\/div>\n\t\t\t\t\t\t<\/div>\n\t\t\t\t<\/div>\n\t\t\t\t<div class=\"elementor-element elementor-element-cd4516a elementor-view-stacked elementor-position-inline-start elementor-shape-circle elementor-mobile-position-block-start elementor-widget elementor-widget-icon-box\" data-id=\"cd4516a\" data-element_type=\"widget\" data-e-type=\"widget\" data-widget_type=\"icon-box.default\">\n\t\t\t\t<div class=\"elementor-widget-container\">\n\t\t\t\t\t\t\t<div class=\"elementor-icon-box-wrapper\">\n\n\t\t\t\t\t\t<div class=\"elementor-icon-box-icon\">\n\t\t\t\t<span  class=\"elementor-icon\">\n\t\t\t\t<svg aria-hidden=\"true\" class=\"e-font-icon-svg e-fas-phone-volume\" viewBox=\"0 0 384 512\" xmlns=\"http:\/\/www.w3.org\/2000\/svg\"><path d=\"M97.333 506.966c-129.874-129.874-129.681-340.252 0-469.933 5.698-5.698 14.527-6.632 21.263-2.422l64.817 40.513a17.187 17.187 0 0 1 6.849 20.958l-32.408 81.021a17.188 17.188 0 0 1-17.669 10.719l-55.81-5.58c-21.051 58.261-20.612 122.471 0 179.515l55.811-5.581a17.188 17.188 0 0 1 17.669 10.719l32.408 81.022a17.188 17.188 0 0 1-6.849 20.958l-64.817 40.513a17.19 17.19 0 0 1-21.264-2.422zM247.126 95.473c11.832 20.047 11.832 45.008 0 65.055-3.95 6.693-13.108 7.959-18.718 2.581l-5.975-5.726c-3.911-3.748-4.793-9.622-2.261-14.41a32.063 32.063 0 0 0 0-29.945c-2.533-4.788-1.65-10.662 2.261-14.41l5.975-5.726c5.61-5.378 14.768-4.112 18.718 2.581zm91.787-91.187c60.14 71.604 60.092 175.882 0 247.428-4.474 5.327-12.53 5.746-17.552.933l-5.798-5.557c-4.56-4.371-4.977-11.529-.93-16.379 49.687-59.538 49.646-145.933 0-205.422-4.047-4.85-3.631-12.008.93-16.379l5.798-5.557c5.022-4.813 13.078-4.394 17.552.933zm-45.972 44.941c36.05 46.322 36.108 111.149 0 157.546-4.39 5.641-12.697 6.251-17.856 1.304l-5.818-5.579c-4.4-4.219-4.998-11.095-1.285-15.931 26.536-34.564 26.534-82.572 0-117.134-3.713-4.836-3.115-11.711 1.285-15.931l5.818-5.579c5.159-4.947 13.466-4.337 17.856 1.304z\"><\/path><\/svg>\t\t\t\t<\/span>\n\t\t\t<\/div>\n\t\t\t\n\t\t\t\t\t\t<div class=\"elementor-icon-box-content\">\n\n\t\t\t\t\t\t\t\t\t<h5 class=\"elementor-icon-box-title\">\n\t\t\t\t\t\t<span  >\n\t\t\t\t\t\t\tTelefone:\t\t\t\t\t\t<\/span>\n\t\t\t\t\t<\/h5>\n\t\t\t\t\n\t\t\t\t\t\t\t\t\t<p class=\"elementor-icon-box-description\">\n\t\t\t\t\t\t(+258) 21 720 792\/62\t\t\t\t\t<\/p>\n\t\t\t\t\n\t\t\t<\/div>\n\t\t\t\n\t\t<\/div>\n\t\t\t\t\t\t<\/div>\n\t\t\t\t<\/div>\n\t\t\t\t<div class=\"elementor-element elementor-element-f7ac393 elementor-view-stacked elementor-position-inline-start elementor-shape-circle elementor-mobile-position-block-start elementor-widget elementor-widget-icon-box\" data-id=\"f7ac393\" data-element_type=\"widget\" data-e-type=\"widget\" data-widget_type=\"icon-box.default\">\n\t\t\t\t<div class=\"elementor-widget-container\">\n\t\t\t\t\t\t\t<div class=\"elementor-icon-box-wrapper\">\n\n\t\t\t\t\t\t<div class=\"elementor-icon-box-icon\">\n\t\t\t\t<span  class=\"elementor-icon\">\n\t\t\t\t<svg aria-hidden=\"true\" class=\"e-font-icon-svg e-fas-phone-volume\" viewBox=\"0 0 384 512\" xmlns=\"http:\/\/www.w3.org\/2000\/svg\"><path d=\"M97.333 506.966c-129.874-129.874-129.681-340.252 0-469.933 5.698-5.698 14.527-6.632 21.263-2.422l64.817 40.513a17.187 17.187 0 0 1 6.849 20.958l-32.408 81.021a17.188 17.188 0 0 1-17.669 10.719l-55.81-5.58c-21.051 58.261-20.612 122.471 0 179.515l55.811-5.581a17.188 17.188 0 0 1 17.669 10.719l32.408 81.022a17.188 17.188 0 0 1-6.849 20.958l-64.817 40.513a17.19 17.19 0 0 1-21.264-2.422zM247.126 95.473c11.832 20.047 11.832 45.008 0 65.055-3.95 6.693-13.108 7.959-18.718 2.581l-5.975-5.726c-3.911-3.748-4.793-9.622-2.261-14.41a32.063 32.063 0 0 0 0-29.945c-2.533-4.788-1.65-10.662 2.261-14.41l5.975-5.726c5.61-5.378 14.768-4.112 18.718 2.581zm91.787-91.187c60.14 71.604 60.092 175.882 0 247.428-4.474 5.327-12.53 5.746-17.552.933l-5.798-5.557c-4.56-4.371-4.977-11.529-.93-16.379 49.687-59.538 49.646-145.933 0-205.422-4.047-4.85-3.631-12.008.93-16.379l5.798-5.557c5.022-4.813 13.078-4.394 17.552.933zm-45.972 44.941c36.05 46.322 36.108 111.149 0 157.546-4.39 5.641-12.697 6.251-17.856 1.304l-5.818-5.579c-4.4-4.219-4.998-11.095-1.285-15.931 26.536-34.564 26.534-82.572 0-117.134-3.713-4.836-3.115-11.711 1.285-15.931l5.818-5.579c5.159-4.947 13.466-4.337 17.856 1.304z\"><\/path><\/svg>\t\t\t\t<\/span>\n\t\t\t<\/div>\n\t\t\t\n\t\t\t\t\t\t<div class=\"elementor-icon-box-content\">\n\n\t\t\t\t\t\t\t\t\t<h5 class=\"elementor-icon-box-title\">\n\t\t\t\t\t\t<span  >\n\t\t\t\t\t\t\tHor\u00e1rio:\t\t\t\t\t\t<\/span>\n\t\t\t\t\t<\/h5>\n\t\t\t\t\n\t\t\t\t\t\t\t\t\t<p class=\"elementor-icon-box-description\">\n\t\t\t\t\t\tSeg-Sex<br>\n8h00 - 17h00\t\t\t\t\t<\/p>\n\t\t\t\t\n\t\t\t<\/div>\n\t\t\t\n\t\t<\/div>\n\t\t\t\t\t\t<\/div>\n\t\t\t\t<\/div>\n\t\t\t\t\t<\/div>\n\t\t<\/div>\n\t\t\t\t<div class=\"elementor-column elementor-col-50 elementor-top-column elementor-element elementor-element-9d4ca6b\" data-id=\"9d4ca6b\" data-element_type=\"column\" data-e-type=\"column\">\n\t\t\t<div class=\"elementor-widget-wrap elementor-element-populated\">\n\t\t\t\t\t\t<div class=\"elementor-element elementor-element-e674437 elementor-widget elementor-widget-heading\" data-id=\"e674437\" data-element_type=\"widget\" data-e-type=\"widget\" data-widget_type=\"heading.default\">\n\t\t\t\t<div class=\"elementor-widget-container\">\n\t\t\t\t\t<h2 class=\"elementor-heading-title elementor-size-default\">Sinta-se \u00e0 vontade para nos escrever<\/h2>\t\t\t\t<\/div>\n\t\t\t\t<\/div>\n\t\t\t\t<div class=\"elementor-element elementor-element-42ae1db elementor-widget elementor-widget-shortcode\" data-id=\"42ae1db\" data-element_type=\"widget\" data-e-type=\"widget\" data-widget_type=\"shortcode.default\">\n\t\t\t\t<div class=\"elementor-widget-container\">\n\t\t\t\t\t\t\t<div class=\"elementor-shortcode\">\n        <div class=\"hf-form-tempate\">\n            <form enctype=\"multipart\/form-data\" method=\"post\" class=\"hashform-form hf-form-custom-style\" id=\"hf-form-id-r2240u\" novalidate>\n                \n<div class=\"hf-form-preview\" id=\"hf-container-1\">\n        <div class=\"hf-container\">\n        <input type=\"hidden\" name=\"hashform_action\" value=\"create\" \/>\n        <input type=\"hidden\" name=\"form_id\" value=\"1\" \/>\n        <input type=\"hidden\" name=\"form_key\" value=\"r2240u\" \/>\n        <input type=\"hidden\" class=\"hashform-form-conditions\" value=\"[]\" \/>\n        <input type=\"hidden\" id=\"hashform_submit_entry_1\" name=\"hashform_submit_entry_1\" value=\"62e4d95ab8\" \/><input type=\"hidden\" name=\"_wp_http_referer\" value=\"\/index.php?rest_route=%2Fwp%2Fv2%2Fpages%2F101\" \/>        <div id=\"hf-field-container-1\" class=\"hf-form-field-required hashform-field-type-name hf-label-position-top hf-label-alignment-left hf-form-field\">\n            \n        <div class=\"hf-field-container\" style=\"\">\n                            <label class=\"hf-field-label \">\n                    Name                                            <span class=\"hf-field-required\" aria-hidden=\"true\">\n                            *                        <\/span>\n                                    <\/label>\n                        <div class=\"hf-field-content\">\n                \n        <div class=\"hf-grouped-field\" id=\"hf-grouped-field-1\" data-name-layout=\"full\">\n            \n                <div id=\"hf-subfield-container-full-1\" class=\"hf-subfield-element hf-subfield-element-full\" data-sub-field-name=\"full\">\n                    <input type=\"text\" id=\"hf-field-m8tpem-full\" value=\"\" name=\"item_meta[1][full]\" placeholder=\"\">\n                                            <div class=\"hf-field-desc\" id=\"hf-subfield-desc-full-1\">\n                            Full                        <\/div>\n                                        <\/div>\n                        <\/div>\n                    <\/div>\n        <\/div>\n                <\/div>\n                <div id=\"hf-field-container-2\" class=\"hf-form-field-required hashform-field-type-email hf-label-position-top hf-label-alignment-left hf-form-field\">\n            \n        <div class=\"hf-field-container\" style=\"\">\n                            <label class=\"hf-field-label \">\n                    Email                                            <span class=\"hf-field-required\" aria-hidden=\"true\">\n                            *                        <\/span>\n                                    <\/label>\n                        <div class=\"hf-field-content\">\n                        <input type=\"email\" id=\"hf-field-jytk4o\" value=\"\" name=\"item_meta[2]\" \/>\n                    <\/div>\n        <\/div>\n                <\/div>\n                <div id=\"hf-field-container-3\" class=\"hf-form-field-required hashform-field-type-textarea hf-label-position-top hf-label-alignment-left hf-form-field\">\n            \n        <div class=\"hf-field-container\" style=\"\">\n                            <label class=\"hf-field-label \">\n                    Message                                            <span class=\"hf-field-required\" aria-hidden=\"true\">\n                            *                        <\/span>\n                                    <\/label>\n                        <div class=\"hf-field-content\">\n                        <textarea id=\"hf-field-jsc211\" name=\"item_meta[3]\" rows=\"4\"><\/textarea>\n                    <\/div>\n        <\/div>\n                <\/div>\n                <div class=\"hf-submit-wrap hf-submit-btn-align-left\">\n            <button class=\"hf-submit-button \" type=\"submit\" >\n                Submit            <\/button>\n        <\/div>\n    <\/div>\n    <style class=\"hf-style-content\">#hf-container-1{--hf-desc-typo-font-family : inherit;--hf-desc-typo-font-weight : inherit;--hf-desc-typo-font-style : inherit;--hf-desc-typo-text-transform : inherit;--hf-desc-typo-text-decoration : inherit;--hf-label-typo-font-family : inherit;--hf-label-typo-font-weight : inherit;--hf-label-typo-font-style : inherit;--hf-label-typo-text-transform : inherit;--hf-label-typo-text-decoration : inherit;--hf-validation-typo-font-family : inherit;--hf-validation-typo-font-weight : inherit;--hf-validation-typo-font-style : inherit;--hf-validation-typo-text-transform : inherit;--hf-validation-typo-text-decoration : inherit;--hf-validation-textalign : left;--hf-form-title-typo-font-family : inherit;--hf-form-title-typo-font-weight : inherit;--hf-form-title-typo-font-style : inherit;--hf-form-title-typo-text-transform : inherit;--hf-form-title-typo-text-decoration : inherit;--hf-form-desc-typo-font-family : inherit;--hf-form-desc-typo-font-weight : inherit;--hf-form-desc-typo-font-style : inherit;--hf-form-desc-typo-text-transform : inherit;--hf-form-desc-typo-text-decoration : inherit;--hf-heading-typo-font-family : inherit;--hf-heading-typo-font-weight : inherit;--hf-heading-typo-font-style : inherit;--hf-heading-typo-text-transform : inherit;--hf-heading-typo-text-decoration : inherit;--hf-paragraph-typo-font-family : inherit;--hf-paragraph-typo-font-weight : inherit;--hf-paragraph-typo-font-style : inherit;--hf-paragraph-typo-text-transform : inherit;--hf-paragraph-typo-text-decoration : inherit;--hf-field-typo-font-family : inherit;--hf-field-typo-font-weight : inherit;--hf-field-typo-font-style : inherit;--hf-field-typo-text-transform : inherit;--hf-field-typo-text-decoration : inherit;--hf-field-shadow-normal-x : 2px;--hf-field-shadow-normal-y : 2px;--hf-field-shadow-normal-blur : 20px;--hf-field-shadow-normal-color : rgba(10,10,10,0.06);--hf-button-typo-font-family : inherit;--hf-button-typo-font-weight : inherit;--hf-button-typo-font-style : inherit;--hf-button-typo-text-transform : inherit;--hf-button-typo-text-decoration : inherit;--hf-typo-label-font-family : Default;--hf-typo-label-font-weight : 0;--hf-typo-label-font-style : normal;--hf-typo-label-text-transform : inherit;--hf-typo-label-text-decoration : inherit;--hf-typo-desc-font-family : Default;--hf-typo-desc-font-weight : 0;--hf-typo-desc-font-style : normal;--hf-typo-desc-text-transform : inherit;--hf-typo-desc-text-decoration : inherit;--hf-typo-validation-font-family : Default;--hf-typo-validation-font-weight : 0;--hf-typo-validation-font-style : normal;--hf-typo-validation-text-transform : inherit;--hf-typo-validation-text-decoration : inherit;--hf-typo-field-font-family : Default;--hf-typo-field-font-weight : 0;--hf-typo-field-font-style : normal;--hf-typo-field-text-transform : inherit;--hf-typo-field-text-decoration : inherit;--hf-typo-button-font-family : Default;--hf-typo-button-font-weight : 0;--hf-typo-button-font-style : normal;--hf-typo-button-text-transform : inherit;--hf-typo-button-text-decoration : inherit;}<\/style><\/div>            <\/form>\n        <\/div>\n        <\/div>\n\t\t\t\t\t\t<\/div>\n\t\t\t\t<\/div>\n\t\t\t\t\t<\/div>\n\t\t<\/div>\n\t\t\t\t\t<\/div>\n\t\t<\/section>\n\t\t\t\t<section class=\"elementor-section elementor-top-section elementor-element elementor-element-4cf00e7 elementor-section-full_width elementor-section-stretched elementor-section-height-default elementor-section-height-default\" data-id=\"4cf00e7\" data-element_type=\"section\" data-e-type=\"section\" data-settings=\"{&quot;stretch_section&quot;:&quot;section-stretched&quot;}\">\n\t\t\t\t\t\t<div class=\"elementor-container elementor-column-gap-no\">\n\t\t\t\t\t<div class=\"elementor-column elementor-col-100 elementor-top-column elementor-element elementor-element-6cdb523\" data-id=\"6cdb523\" data-element_type=\"column\" data-e-type=\"column\">\n\t\t\t<div class=\"elementor-widget-wrap elementor-element-populated\">\n\t\t\t\t\t\t<div class=\"elementor-element elementor-element-ac6c694 elementor-widget elementor-widget-google_maps\" data-id=\"ac6c694\" data-element_type=\"widget\" data-e-type=\"widget\" data-widget_type=\"google_maps.default\">\n\t\t\t\t<div class=\"elementor-widget-container\">\n\t\t\t\t\t\t\t<div class=\"elementor-custom-embed\">\n\t\t\t<iframe loading=\"lazy\"\n\t\t\t\t\tsrc=\"https:\/\/maps.google.com\/maps?q=Rua%20M%C3%A1rio%20Esteves%20Coluna%2C%20Nr%2084%20-%20RC%20Matola%20-%20Mo%C3%A7ambique&#038;t=m&#038;z=19&#038;output=embed&#038;iwloc=near\"\n\t\t\t\t\ttitle=\"Rua M\u00e1rio Esteves Coluna, Nr 84 - RC Matola - Mo\u00e7ambique\"\n\t\t\t\t\taria-label=\"Rua M\u00e1rio Esteves Coluna, Nr 84 - RC Matola - Mo\u00e7ambique\"\n\t\t\t><\/iframe>\n\t\t<\/div>\n\t\t\t\t\t\t<\/div>\n\t\t\t\t<\/div>\n\t\t\t\t\t<\/div>\n\t\t<\/div>\n\t\t\t\t\t<\/div>\n\t\t<\/section>\n\t\t\t\t<\/div>\n\t\t","protected":false},"excerpt":{"rendered":"<p>Contacte-nos Endere\u00e7o Rua M\u00e1rio Esteves Coluna, Nr 84 &#8211; RC Matola &#8211; Mo\u00e7ambique Email: info@mcbmulher.co.mz Telefone: (+258) 21 720 792\/62 Hor\u00e1rio: Seg-Sex 8h00 &#8211; 17h00 Sinta-se \u00e0 vontade para nos escrever<\/p>\n","protected":false},"author":1,"featured_media":0,"parent":0,"menu_order":0,"comment_status":"closed","ping_status":"closed","template":"","meta":{"footnotes":""},"class_list":["post-101","page","type-page","status-publish","hentry"],"_links":{"self":[{"href":"https:\/\/mcbmulher.co.mz\/index.php?rest_route=\/wp\/v2\/pages\/101","targetHints":{"allow":["GET"]}}],"collection":[{"href":"https:\/\/mcbmulher.co.mz\/index.php?rest_route=\/wp\/v2\/pages"}],"about":[{"href":"https:\/\/mcbmulher.co.mz\/index.php?rest_route=\/wp\/v2\/types\/page"}],"author":[{"embeddable":true,"href":"https:\/\/mcbmulher.co.mz\/index.php?rest_route=\/wp\/v2\/users\/1"}],"replies":[{"embeddable":true,"href":"https:\/\/mcbmulher.co.mz\/index.php?rest_route=%2Fwp%2Fv2%2Fcomments&post=101"}],"version-history":[{"count":9,"href":"https:\/\/mcbmulher.co.mz\/index.php?rest_route=\/wp\/v2\/pages\/101\/revisions"}],"predecessor-version":[{"id":1549,"href":"https:\/\/mcbmulher.co.mz\/index.php?rest_route=\/wp\/v2\/pages\/101\/revisions\/1549"}],"wp:attachment":[{"href":"https:\/\/mcbmulher.co.mz\/index.php?rest_route=%2Fwp%2Fv2%2Fmedia&parent=101"}],"curies":[{"name":"wp","href":"https:\/\/api.w.org\/{rel}","templated":true}]}}